{"id":29,"date":"2025-03-25T20:15:26","date_gmt":"2025-03-25T20:15:26","guid":{"rendered":"https:\/\/bazpolgaror.hu\/?page_id=29"},"modified":"2025-03-29T13:46:38","modified_gmt":"2025-03-29T13:46:38","slug":"jogi-anyagok-normak","status":"publish","type":"page","link":"https:\/\/bazpolgaror.hu\/?page_id=29","title":{"rendered":"Jogi anyagok, norm\u00e1k"},"content":{"rendered":"\n<p><a href=\"http:\/\/bazpolgaror.hu\/dok\/baz_vmpsz_alapszabaly_2024.pdf\" target=\"_blank\" rel=\"noreferrer noopener\">Borsod-Aba\u00faj-Zempl\u00e9n V\u00e1rmegyei Polg\u00e1r\u0151r Sz\u00f6vets\u00e9g Alapszab\u00e1lya<\/a><\/p>\n\n\n\n<p>Jogszab\u00e1lyok: <a href=\"https:\/\/opsz.hu\/jogi-anyagok\/\">https:\/\/opsz.hu\/jogi-anyagok\/<\/a><\/p>\n\n\n\n<p>Az Orsz\u00e1gos Polg\u00e1r\u0151r Sz\u00f6vets\u00e9g szab\u00e1lyzatai: <a href=\"https:\/\/opsz.hu\/belso-normak\/\">https:\/\/opsz.hu\/belso-normak\/<\/a><\/p>\n","protected":false},"excerpt":{"rendered":"<p>Borsod-Aba\u00faj-Zempl\u00e9n V\u00e1rmegyei Polg\u00e1r\u0151r Sz\u00f6vets\u00e9g Alapszab\u00e1lya Jogszab\u00e1lyok: https:\/\/opsz.hu\/jogi-anyagok\/ Az Orsz\u00e1gos Polg\u00e1r\u0151r Sz\u00f6vets\u00e9g szab\u00e1lyzatai: https:\/\/opsz.hu\/belso-normak\/<\/p>\n","protected":false},"author":1,"featured_media":0,"parent":0,"menu_order":0,"comment_status":"closed","ping_status":"closed","template":"","meta":{"footnotes":""},"class_list":["post-29","page","type-page","status-publish","hentry"],"yoast_head":"<!-- This site is optimized with the Yoast SEO plugin v24.4 - https:\/\/yoast.com\/wordpress\/plugins\/seo\/ -->\n<title>Jogi anyagok, norm\u00e1k -<\/title>\n<meta name=\"robots\" content=\"index, follow, max-snippet:-1, max-image-preview:large, max-video-preview:-1\" \/>\n<link rel=\"canonical\" href=\"https:\/\/bazpolgaror.hu\/?page_id=29\" \/>\n<meta property=\"og:locale\" content=\"hu_HU\" \/>\n<meta property=\"og:type\" content=\"article\" \/>\n<meta property=\"og:title\" content=\"Jogi anyagok, norm\u00e1k -\" \/>\n<meta property=\"og:description\" content=\"Borsod-Aba\u00faj-Zempl\u00e9n V\u00e1rmegyei Polg\u00e1r\u0151r Sz\u00f6vets\u00e9g Alapszab\u00e1lya Jogszab\u00e1lyok: https:\/\/opsz.hu\/jogi-anyagok\/ Az Orsz\u00e1gos Polg\u00e1r\u0151r Sz\u00f6vets\u00e9g szab\u00e1lyzatai: https:\/\/opsz.hu\/belso-normak\/\" \/>\n<meta property=\"og:url\" content=\"https:\/\/bazpolgaror.hu\/?page_id=29\" \/>\n<meta property=\"article:modified_time\" content=\"2025-03-29T13:46:38+00:00\" \/>\n<meta name=\"twitter:card\" content=\"summary_large_image\" \/>\n<meta name=\"twitter:label1\" content=\"Becs\u00fclt olvas\u00e1si id\u0151\" \/>\n\t<meta name=\"twitter:data1\" content=\"1 perc\" \/>\n<script type=\"application\/ld+json\" class=\"yoast-schema-graph\">{\"@context\":\"https:\/\/schema.org\",\"@graph\":[{\"@type\":\"WebPage\",\"@id\":\"https:\/\/bazpolgaror.hu\/?page_id=29\",\"url\":\"https:\/\/bazpolgaror.hu\/?page_id=29\",\"name\":\"Jogi anyagok, norm\u00e1k -\",\"isPartOf\":{\"@id\":\"https:\/\/bazpolgaror.hu\/#website\"},\"datePublished\":\"2025-03-25T20:15:26+00:00\",\"dateModified\":\"2025-03-29T13:46:38+00:00\",\"breadcrumb\":{\"@id\":\"https:\/\/bazpolgaror.hu\/?page_id=29#breadcrumb\"},\"inLanguage\":\"hu\",\"potentialAction\":[{\"@type\":\"ReadAction\",\"target\":[\"https:\/\/bazpolgaror.hu\/?page_id=29\"]}]},{\"@type\":\"BreadcrumbList\",\"@id\":\"https:\/\/bazpolgaror.hu\/?page_id=29#breadcrumb\",\"itemListElement\":[{\"@type\":\"ListItem\",\"position\":1,\"name\":\"Kezd\u0151lap\",\"item\":\"https:\/\/bazpolgaror.hu\/\"},{\"@type\":\"ListItem\",\"position\":2,\"name\":\"Jogi anyagok, norm\u00e1k\"}]},{\"@type\":\"WebSite\",\"@id\":\"https:\/\/bazpolgaror.hu\/#website\",\"url\":\"https:\/\/bazpolgaror.hu\/\",\"name\":\"\",\"description\":\"\",\"potentialAction\":[{\"@type\":\"SearchAction\",\"target\":{\"@type\":\"EntryPoint\",\"urlTemplate\":\"https:\/\/bazpolgaror.hu\/?s={search_term_string}\"},\"query-input\":{\"@type\":\"PropertyValueSpecification\",\"valueRequired\":true,\"valueName\":\"search_term_string\"}}],\"inLanguage\":\"hu\"}]}<\/script>\n<!-- \/ Yoast SEO plugin. -->","yoast_head_json":{"title":"Jogi anyagok, norm\u00e1k -","robots":{"index":"index","follow":"follow","max-snippet":"max-snippet:-1","max-image-preview":"max-image-preview:large","max-video-preview":"max-video-preview:-1"},"canonical":"https:\/\/bazpolgaror.hu\/?page_id=29","og_locale":"hu_HU","og_type":"article","og_title":"Jogi anyagok, norm\u00e1k -","og_description":"Borsod-Aba\u00faj-Zempl\u00e9n V\u00e1rmegyei Polg\u00e1r\u0151r Sz\u00f6vets\u00e9g Alapszab\u00e1lya Jogszab\u00e1lyok: https:\/\/opsz.hu\/jogi-anyagok\/ Az Orsz\u00e1gos Polg\u00e1r\u0151r Sz\u00f6vets\u00e9g szab\u00e1lyzatai: https:\/\/opsz.hu\/belso-normak\/","og_url":"https:\/\/bazpolgaror.hu\/?page_id=29","article_modified_time":"2025-03-29T13:46:38+00:00","twitter_card":"summary_large_image","twitter_misc":{"Becs\u00fclt olvas\u00e1si id\u0151":"1 perc"},"schema":{"@context":"https:\/\/schema.org","@graph":[{"@type":"WebPage","@id":"https:\/\/bazpolgaror.hu\/?page_id=29","url":"https:\/\/bazpolgaror.hu\/?page_id=29","name":"Jogi anyagok, norm\u00e1k -","isPartOf":{"@id":"https:\/\/bazpolgaror.hu\/#website"},"datePublished":"2025-03-25T20:15:26+00:00","dateModified":"2025-03-29T13:46:38+00:00","breadcrumb":{"@id":"https:\/\/bazpolgaror.hu\/?page_id=29#breadcrumb"},"inLanguage":"hu","potentialAction":[{"@type":"ReadAction","target":["https:\/\/bazpolgaror.hu\/?page_id=29"]}]},{"@type":"BreadcrumbList","@id":"https:\/\/bazpolgaror.hu\/?page_id=29#breadcrumb","itemListElement":[{"@type":"ListItem","position":1,"name":"Kezd\u0151lap","item":"https:\/\/bazpolgaror.hu\/"},{"@type":"ListItem","position":2,"name":"Jogi anyagok, norm\u00e1k"}]},{"@type":"WebSite","@id":"https:\/\/bazpolgaror.hu\/#website","url":"https:\/\/bazpolgaror.hu\/","name":"","description":"","potentialAction":[{"@type":"SearchAction","target":{"@type":"EntryPoint","urlTemplate":"https:\/\/bazpolgaror.hu\/?s={search_term_string}"},"query-input":{"@type":"PropertyValueSpecification","valueRequired":true,"valueName":"search_term_string"}}],"inLanguage":"hu"}]}},"_links":{"self":[{"href":"https:\/\/bazpolgaror.hu\/index.php?rest_route=\/wp\/v2\/pages\/29","targetHints":{"allow":["GET"]}}],"collection":[{"href":"https:\/\/bazpolgaror.hu\/index.php?rest_route=\/wp\/v2\/pages"}],"about":[{"href":"https:\/\/bazpolgaror.hu\/index.php?rest_route=\/wp\/v2\/types\/page"}],"author":[{"embeddable":true,"href":"https:\/\/bazpolgaror.hu\/index.php?rest_route=\/wp\/v2\/users\/1"}],"replies":[{"embeddable":true,"href":"https:\/\/bazpolgaror.hu\/index.php?rest_route=%2Fwp%2Fv2%2Fcomments&post=29"}],"version-history":[{"count":4,"href":"https:\/\/bazpolgaror.hu\/index.php?rest_route=\/wp\/v2\/pages\/29\/revisions"}],"predecessor-version":[{"id":62,"href":"https:\/\/bazpolgaror.hu\/index.php?rest_route=\/wp\/v2\/pages\/29\/revisions\/62"}],"wp:attachment":[{"href":"https:\/\/bazpolgaror.hu\/index.php?rest_route=%2Fwp%2Fv2%2Fmedia&parent=29"}],"curies":[{"name":"wp","href":"https:\/\/api.w.org\/{rel}","templated":true}]}}