{"id":25,"date":"2025-03-25T20:14:23","date_gmt":"2025-03-25T20:14:23","guid":{"rendered":"https:\/\/bazpolgaror.hu\/?page_id=25"},"modified":"2025-03-25T20:14:24","modified_gmt":"2025-03-25T20:14:24","slug":"felugyelobizottsag","status":"publish","type":"page","link":"https:\/\/bazpolgaror.hu\/?page_id=25","title":{"rendered":"Fel\u00fcgyel\u0151bizotts\u00e1g"},"content":{"rendered":"\n<p><strong>T\u00f6r\u00f6k Barna<\/strong> eln\u00f6k<\/p>\n\n\n\n<p><strong>Dr. Sipos Attila<\/strong> aleln\u00f6k<\/p>\n\n\n\n<p><strong>P\u00e1l Katalin<\/strong> tag<\/p>\n\n\n\n<p><strong>Dr. Tak\u00e1cs J\u00e1nos<\/strong> tag<\/p>\n","protected":false},"excerpt":{"rendered":"<p>T\u00f6r\u00f6k Barna eln\u00f6k Dr. Sipos Attila aleln\u00f6k P\u00e1l Katalin tag Dr. Tak\u00e1cs J\u00e1nos tag<\/p>\n","protected":false},"author":1,"featured_media":0,"parent":0,"menu_order":0,"comment_status":"closed","ping_status":"closed","template":"","meta":{"footnotes":""},"class_list":["post-25","page","type-page","status-publish","hentry"],"yoast_head":"<!-- This site is optimized with the Yoast SEO plugin v24.4 - https:\/\/yoast.com\/wordpress\/plugins\/seo\/ -->\n<title>Fel\u00fcgyel\u0151bizotts\u00e1g -<\/title>\n<meta name=\"robots\" content=\"index, follow, max-snippet:-1, max-image-preview:large, max-video-preview:-1\" \/>\n<link rel=\"canonical\" href=\"https:\/\/bazpolgaror.hu\/?page_id=25\" \/>\n<meta property=\"og:locale\" content=\"hu_HU\" \/>\n<meta property=\"og:type\" content=\"article\" \/>\n<meta property=\"og:title\" content=\"Fel\u00fcgyel\u0151bizotts\u00e1g -\" \/>\n<meta property=\"og:description\" content=\"T\u00f6r\u00f6k Barna eln\u00f6k Dr. Sipos Attila aleln\u00f6k P\u00e1l Katalin tag Dr. Tak\u00e1cs J\u00e1nos tag\" \/>\n<meta property=\"og:url\" content=\"https:\/\/bazpolgaror.hu\/?page_id=25\" \/>\n<meta property=\"article:modified_time\" content=\"2025-03-25T20:14:24+00:00\" \/>\n<meta name=\"twitter:card\" content=\"summary_large_image\" \/>\n<meta name=\"twitter:label1\" content=\"Becs\u00fclt olvas\u00e1si id\u0151\" \/>\n\t<meta name=\"twitter:data1\" content=\"1 perc\" \/>\n<script type=\"application\/ld+json\" class=\"yoast-schema-graph\">{\"@context\":\"https:\/\/schema.org\",\"@graph\":[{\"@type\":\"WebPage\",\"@id\":\"https:\/\/bazpolgaror.hu\/?page_id=25\",\"url\":\"https:\/\/bazpolgaror.hu\/?page_id=25\",\"name\":\"Fel\u00fcgyel\u0151bizotts\u00e1g -\",\"isPartOf\":{\"@id\":\"https:\/\/bazpolgaror.hu\/#website\"},\"datePublished\":\"2025-03-25T20:14:23+00:00\",\"dateModified\":\"2025-03-25T20:14:24+00:00\",\"breadcrumb\":{\"@id\":\"https:\/\/bazpolgaror.hu\/?page_id=25#breadcrumb\"},\"inLanguage\":\"hu\",\"potentialAction\":[{\"@type\":\"ReadAction\",\"target\":[\"https:\/\/bazpolgaror.hu\/?page_id=25\"]}]},{\"@type\":\"BreadcrumbList\",\"@id\":\"https:\/\/bazpolgaror.hu\/?page_id=25#breadcrumb\",\"itemListElement\":[{\"@type\":\"ListItem\",\"position\":1,\"name\":\"Kezd\u0151lap\",\"item\":\"https:\/\/bazpolgaror.hu\/\"},{\"@type\":\"ListItem\",\"position\":2,\"name\":\"Fel\u00fcgyel\u0151bizotts\u00e1g\"}]},{\"@type\":\"WebSite\",\"@id\":\"https:\/\/bazpolgaror.hu\/#website\",\"url\":\"https:\/\/bazpolgaror.hu\/\",\"name\":\"\",\"description\":\"\",\"potentialAction\":[{\"@type\":\"SearchAction\",\"target\":{\"@type\":\"EntryPoint\",\"urlTemplate\":\"https:\/\/bazpolgaror.hu\/?s={search_term_string}\"},\"query-input\":{\"@type\":\"PropertyValueSpecification\",\"valueRequired\":true,\"valueName\":\"search_term_string\"}}],\"inLanguage\":\"hu\"}]}<\/script>\n<!-- \/ Yoast SEO plugin. -->","yoast_head_json":{"title":"Fel\u00fcgyel\u0151bizotts\u00e1g -","robots":{"index":"index","follow":"follow","max-snippet":"max-snippet:-1","max-image-preview":"max-image-preview:large","max-video-preview":"max-video-preview:-1"},"canonical":"https:\/\/bazpolgaror.hu\/?page_id=25","og_locale":"hu_HU","og_type":"article","og_title":"Fel\u00fcgyel\u0151bizotts\u00e1g -","og_description":"T\u00f6r\u00f6k Barna eln\u00f6k Dr. Sipos Attila aleln\u00f6k P\u00e1l Katalin tag Dr. Tak\u00e1cs J\u00e1nos tag","og_url":"https:\/\/bazpolgaror.hu\/?page_id=25","article_modified_time":"2025-03-25T20:14:24+00:00","twitter_card":"summary_large_image","twitter_misc":{"Becs\u00fclt olvas\u00e1si id\u0151":"1 perc"},"schema":{"@context":"https:\/\/schema.org","@graph":[{"@type":"WebPage","@id":"https:\/\/bazpolgaror.hu\/?page_id=25","url":"https:\/\/bazpolgaror.hu\/?page_id=25","name":"Fel\u00fcgyel\u0151bizotts\u00e1g -","isPartOf":{"@id":"https:\/\/bazpolgaror.hu\/#website"},"datePublished":"2025-03-25T20:14:23+00:00","dateModified":"2025-03-25T20:14:24+00:00","breadcrumb":{"@id":"https:\/\/bazpolgaror.hu\/?page_id=25#breadcrumb"},"inLanguage":"hu","potentialAction":[{"@type":"ReadAction","target":["https:\/\/bazpolgaror.hu\/?page_id=25"]}]},{"@type":"BreadcrumbList","@id":"https:\/\/bazpolgaror.hu\/?page_id=25#breadcrumb","itemListElement":[{"@type":"ListItem","position":1,"name":"Kezd\u0151lap","item":"https:\/\/bazpolgaror.hu\/"},{"@type":"ListItem","position":2,"name":"Fel\u00fcgyel\u0151bizotts\u00e1g"}]},{"@type":"WebSite","@id":"https:\/\/bazpolgaror.hu\/#website","url":"https:\/\/bazpolgaror.hu\/","name":"","description":"","potentialAction":[{"@type":"SearchAction","target":{"@type":"EntryPoint","urlTemplate":"https:\/\/bazpolgaror.hu\/?s={search_term_string}"},"query-input":{"@type":"PropertyValueSpecification","valueRequired":true,"valueName":"search_term_string"}}],"inLanguage":"hu"}]}},"_links":{"self":[{"href":"https:\/\/bazpolgaror.hu\/index.php?rest_route=\/wp\/v2\/pages\/25","targetHints":{"allow":["GET"]}}],"collection":[{"href":"https:\/\/bazpolgaror.hu\/index.php?rest_route=\/wp\/v2\/pages"}],"about":[{"href":"https:\/\/bazpolgaror.hu\/index.php?rest_route=\/wp\/v2\/types\/page"}],"author":[{"embeddable":true,"href":"https:\/\/bazpolgaror.hu\/index.php?rest_route=\/wp\/v2\/users\/1"}],"replies":[{"embeddable":true,"href":"https:\/\/bazpolgaror.hu\/index.php?rest_route=%2Fwp%2Fv2%2Fcomments&post=25"}],"version-history":[{"count":1,"href":"https:\/\/bazpolgaror.hu\/index.php?rest_route=\/wp\/v2\/pages\/25\/revisions"}],"predecessor-version":[{"id":26,"href":"https:\/\/bazpolgaror.hu\/index.php?rest_route=\/wp\/v2\/pages\/25\/revisions\/26"}],"wp:attachment":[{"href":"https:\/\/bazpolgaror.hu\/index.php?rest_route=%2Fwp%2Fv2%2Fmedia&parent=25"}],"curies":[{"name":"wp","href":"https:\/\/api.w.org\/{rel}","templated":true}]}}