{"id":21,"date":"2025-03-25T20:13:29","date_gmt":"2025-03-25T20:13:29","guid":{"rendered":"https:\/\/bazpolgaror.hu\/?page_id=21"},"modified":"2025-03-26T11:21:19","modified_gmt":"2025-03-26T11:21:19","slug":"polgaror-szovetseg","status":"publish","type":"page","link":"https:\/\/bazpolgaror.hu\/","title":{"rendered":"Polg\u00e1r\u0151r Sz\u00f6vets\u00e9g"},"content":{"rendered":"\n<p>A k\u00f6zbiztons\u00e1g \u00e9s a k\u00f6zrend megteremt\u00e9se \u00e9s fenntart\u00e1sa az \u00e1llam alapvet\u0151 joga \u00e9s k\u00f6teless\u00e9ge. A k\u00f6zbiztons\u00e1g \u00e9s a k\u00f6zrend fenntart\u00e1s\u00e1ban r\u00e9szt venni k\u00edv\u00e1n\u00f3, a k\u00f6rnyezet\u00fck biztons\u00e1g\u00e1\u00e9rt felel\u0151ss\u00e9get \u00e9rz\u0151 \u00e1llampolg\u00e1rok sz\u00e1m\u00e1ra a polg\u00e1r\u0151rs\u00e9g ny\u00fajt cselekv\u00e9si lehet\u0151s\u00e9get. A polg\u00e1r\u0151rs\u00e9g a polg\u00e1r\u0151r egyes\u00fcletekb\u0151l \u00e9p\u00fcl fel, melynek tagjai polg\u00e1r\u0151r\u00f6k. A polg\u00e1r\u0151r egyes\u00fcletek v\u00e1rmegy\u00e9nk\u00e9nt ter\u00fcleti polg\u00e1r\u0151r sz\u00f6vets\u00e9gbe t\u00f6m\u00f6r\u00fclnek. A polg\u00e1r\u0151rs\u00e9g orsz\u00e1gos szerve az Orsz\u00e1gos Polg\u00e1r\u0151r Sz\u00f6vets\u00e9g, mely az \u00f6nkorm\u00e1nyz\u00e1s elv\u00e9n alapul\u00f3 k\u00f6zhaszn\u00fa jog\u00e1ll\u00e1s\u00fa k\u00f6ztest\u00fclet.<\/p>\n\n\n\n<p>A <strong>Borsod-Aba\u00faj-Zempl\u00e9n V\u00e1rmegyei Polg\u00e1r\u0151r Sz\u00f6vets\u00e9g<\/strong> 1995-ben j\u00f6tt l\u00e9tre. A Borsod-Aba\u00faj-Zempl\u00e9n V\u00e1rmegyei Polg\u00e1r\u0151r Sz\u00f6vets\u00e9g a Borsod-Aba\u00faj-Zempl\u00e9n v\u00e1rmegy\u00e9ben m\u0171k\u00f6d\u0151, a v\u00e1rmegye telep\u00fcl\u00e9sei k\u00f6zbiztons\u00e1g\u00e1nak megszil\u00e1rd\u00edt\u00e1s\u00e1ban fontos szerepet bet\u00f6lt\u0151 polg\u00e1r\u0151r egyes\u00fcletek olyan sz\u00f6vets\u00e9ge, amelyet a megy\u00e9ben sz\u00e9khellyel rendelkez\u0151 polg\u00e1r\u0151r egyes\u00fcletek hoztak l\u00e9tre.<\/p>\n\n\n\n<p>Az orsz\u00e1gban legt\u00f6bb polg\u00e1r\u0151r egyes\u00fclettel rendelkez\u0151 ter\u00fcleti sz\u00f6vets\u00e9ge. A sz\u00e1mokat tekintve Borsod-Aba\u00faj-Zempl\u00e9n v\u00e1rmegy\u00e9ben tal\u00e1lhat\u00f3 az orsz\u00e1g polg\u00e1r\u0151r egyes\u00fcleteinek 10%-a, az orsz\u00e1g polg\u00e1r\u0151reinek 10%-a, akik az orsz\u00e1gos szolg\u00e1lati \u00f3r\u00e1k 10%-\u00e1t adj\u00e1k.<\/p>\n\n\n\n<p>A Borsod-Aba\u00faj-Zempl\u00e9n V\u00e1rmegyei Polg\u00e1r\u0151r Sz\u00f6vets\u00e9g \u2013 mint minden ter\u00fcleti polg\u00e1r\u0151r sz\u00f6vets\u00e9g \u2013 a polg\u00e1r\u0151r egyes\u00fcletek olyan sz\u00f6vets\u00e9ge, amelyet azonos v\u00e1rmegy\u00e9ben sz\u00e9khellyel rendelkez\u0151 polg\u00e1r\u0151r egyes\u00fcletek alkotnak \u00e9s az Orsz\u00e1gos Polg\u00e1r\u0151r Sz\u00f6vets\u00e9g tagja. V\u00e1rmegy\u00e9nk\u00e9nt, illetve a f\u0151v\u00e1ros ter\u00fclet\u00e9n kiz\u00e1r\u00f3lag egy ter\u00fcleti polg\u00e1r\u0151r sz\u00f6vets\u00e9g m\u0171k\u00f6dhet.<\/p>\n\n\n\n<p>A sz\u00e9khelye szerint illet\u00e9kes <strong>Borsod-Aba\u00faj-Zempl\u00e9n V\u00e1rmegyei Rend\u0151r-f\u0151kapit\u00e1nys\u00e1ggal<\/strong> megk\u00f6t\u00f6tt egy\u00fcttm\u0171k\u00f6d\u00e9si meg\u00e1llapod\u00e1ssal rendelkezik.<\/p>\n\n\n\n<p><strong>A Borsod-Aba\u00faj-Zempl\u00e9n V\u00e1rmegyei Polg\u00e1r\u0151r Sz\u00f6vets\u00e9g m\u0171k\u00f6d\u00e9si ter\u00fclete Borsod-Aba\u00faj-Zempl\u00e9n v\u00e1rmegyei k\u00f6zigazgat\u00e1si ter\u00fclet\u00e9re terjed ki.<\/strong><\/p>\n\n\n\n<p>A Borsod-Aba\u00faj-Zempl\u00e9n V\u00e1rmegyei Polg\u00e1r\u0151r Sz\u00f6vets\u00e9g tagja a m\u0171k\u00f6d\u00e9si ter\u00fclet\u00e9n m\u0171k\u00f6d\u0151 polg\u00e1r\u0151r egyes\u00fclet lehet.<\/p>\n\n\n\n<p class=\"has-medium-font-size\"><strong>A Borsod-Aba\u00faj-Zempl\u00e9n V\u00e1rmegyei Polg\u00e1r\u0151r Sz\u00f6vets\u00e9g<\/strong><\/p>\n\n\n\n<p><strong>a)<\/strong> k\u00e9pviseli tagjai k\u00f6z\u00f6s \u00e9rdekeit a ter\u00fcleti \u00e1llami szervek, a v\u00e1rmegyei \u00f6nkorm\u00e1nyzatok, valamint m\u00e1s civil szervezetek el\u0151tt,<\/p>\n\n\n\n<p><strong>b) <\/strong>\u00f6sszehangolja tagjai tev\u00e9kenys\u00e9g\u00e9t,<\/p>\n\n\n\n<p><strong>c) <\/strong>egy\u00fcttm\u0171k\u00f6dik a m\u0171k\u00f6d\u00e9si ter\u00fclet\u00e9n illet\u00e9kes \u00e1llami szervekkel, v\u00e1rmegyei \u00f6nkorm\u00e1nyzatokkal, valamint a V\u00e1rmegyei Rend\u0151r-f\u0151kapit\u00e1nys\u00e1ggal a polg\u00e1r\u0151ri szolg\u00e1lat ell\u00e1t\u00e1sa felt\u00e9teleinek fejleszt\u00e9se \u00e9rdek\u00e9ben,<\/p>\n\n\n\n<p><strong>d)<\/strong> el\u0151zetesen v\u00e9lem\u00e9nyezi a polg\u00e1r\u0151r egyes\u00fclet \u00e1ltal a V\u00e1rmegyei Rend\u0151r-f\u0151kapit\u00e1nys\u00e1ggal megk\u00f6tend\u0151 egy\u00fcttm\u0171k\u00f6d\u00e9si meg\u00e1llapod\u00e1st,<\/p>\n\n\n\n<p><strong>e)<\/strong> a m\u0171k\u00f6d\u00e9si ter\u00fclet\u00e9n m\u0171k\u00f6d\u0151 polg\u00e1r\u0151r egyes\u00fclet Orsz\u00e1gos Polg\u00e1r\u0151r Sz\u00f6vets\u00e9gbe val\u00f3 felv\u00e9telre ir\u00e1nyul\u00f3 k\u00e9relm\u00e9t befogadja, majd felv\u00e9teli javaslat\u00e1val ell\u00e1tva tov\u00e1bb\u00edtja,<\/p>\n\n\n\n<p><strong>f)<\/strong> elfogadja a ter\u00fcleti polg\u00e1r\u0151r sz\u00f6vets\u00e9g \u00e9ves k\u00f6lts\u00e9gvet\u00e9s\u00e9t, valamint a k\u00f6lts\u00e9gvet\u00e9s v\u00e9grehajt\u00e1s\u00e1r\u00f3l sz\u00f3l\u00f3 besz\u00e1mol\u00f3t, valamint<\/p>\n\n\n\n<p><strong>g)<\/strong> elb\u00edr\u00e1lja a m\u0171k\u00f6d\u00e9si t\u00e1mogat\u00e1sra vonatkoz\u00f3 k\u00e9relmet.<\/p>\n","protected":false},"excerpt":{"rendered":"<p>A k\u00f6zbiztons\u00e1g \u00e9s a k\u00f6zrend megteremt\u00e9se \u00e9s fenntart\u00e1sa az \u00e1llam alapvet\u0151 joga \u00e9s k\u00f6teless\u00e9ge. A k\u00f6zbiztons\u00e1g \u00e9s a k\u00f6zrend fenntart\u00e1s\u00e1ban r\u00e9szt venni k\u00edv\u00e1n\u00f3, a k\u00f6rnyezet\u00fck&hellip;<\/p>\n","protected":false},"author":1,"featured_media":0,"parent":0,"menu_order":0,"comment_status":"closed","ping_status":"closed","template":"","meta":{"footnotes":""},"class_list":["post-21","page","type-page","status-publish","hentry"],"yoast_head":"<!-- This site is optimized with the Yoast SEO plugin v24.4 - https:\/\/yoast.com\/wordpress\/plugins\/seo\/ -->\n<title>Polg\u00e1r\u0151r Sz\u00f6vets\u00e9g -<\/title>\n<meta name=\"description\" content=\"A Borsod-Aba\u00faj-Zempl\u00e9n V\u00e1rmegyei Polg\u00e1r\u0151r Sz\u00f6vets\u00e9g \u2013 mint minden ter\u00fcleti polg\u00e1r\u0151r sz\u00f6vets\u00e9g \u2013 a polg\u00e1r\u0151r egyes\u00fcletek olyan sz\u00f6vets\u00e9ge, amelyet azonos v\u00e1rmegy\u00e9ben sz\u00e9khellyel rendelkez\u0151 polg\u00e1r\u0151r egyes\u00fcletek alkotnak \u00e9s az Orsz\u00e1gos Polg\u00e1r\u0151r Sz\u00f6vets\u00e9g tagja.\" \/>\n<meta name=\"robots\" content=\"index, follow, max-snippet:-1, max-image-preview:large, max-video-preview:-1\" \/>\n<link rel=\"canonical\" href=\"https:\/\/bazpolgaror.hu\/\" \/>\n<meta property=\"og:locale\" content=\"hu_HU\" \/>\n<meta property=\"og:type\" content=\"article\" \/>\n<meta property=\"og:title\" content=\"Polg\u00e1r\u0151r Sz\u00f6vets\u00e9g -\" \/>\n<meta property=\"og:description\" content=\"A Borsod-Aba\u00faj-Zempl\u00e9n V\u00e1rmegyei Polg\u00e1r\u0151r Sz\u00f6vets\u00e9g \u2013 mint minden ter\u00fcleti polg\u00e1r\u0151r sz\u00f6vets\u00e9g \u2013 a polg\u00e1r\u0151r egyes\u00fcletek olyan sz\u00f6vets\u00e9ge, amelyet azonos v\u00e1rmegy\u00e9ben sz\u00e9khellyel rendelkez\u0151 polg\u00e1r\u0151r egyes\u00fcletek alkotnak \u00e9s az Orsz\u00e1gos Polg\u00e1r\u0151r Sz\u00f6vets\u00e9g tagja.\" \/>\n<meta property=\"og:url\" content=\"https:\/\/bazpolgaror.hu\/\" \/>\n<meta property=\"article:modified_time\" content=\"2025-03-26T11:21:19+00:00\" \/>\n<meta name=\"twitter:card\" content=\"summary_large_image\" \/>\n<meta name=\"twitter:label1\" content=\"Becs\u00fclt olvas\u00e1si id\u0151\" \/>\n\t<meta name=\"twitter:data1\" content=\"2 perc\" \/>\n<script type=\"application\/ld+json\" class=\"yoast-schema-graph\">{\"@context\":\"https:\/\/schema.org\",\"@graph\":[{\"@type\":\"WebPage\",\"@id\":\"https:\/\/bazpolgaror.hu\/\",\"url\":\"https:\/\/bazpolgaror.hu\/\",\"name\":\"Polg\u00e1r\u0151r Sz\u00f6vets\u00e9g -\",\"isPartOf\":{\"@id\":\"https:\/\/bazpolgaror.hu\/#website\"},\"datePublished\":\"2025-03-25T20:13:29+00:00\",\"dateModified\":\"2025-03-26T11:21:19+00:00\",\"description\":\"A Borsod-Aba\u00faj-Zempl\u00e9n V\u00e1rmegyei Polg\u00e1r\u0151r Sz\u00f6vets\u00e9g \u2013 mint minden ter\u00fcleti polg\u00e1r\u0151r sz\u00f6vets\u00e9g \u2013 a polg\u00e1r\u0151r egyes\u00fcletek olyan sz\u00f6vets\u00e9ge, amelyet azonos v\u00e1rmegy\u00e9ben sz\u00e9khellyel rendelkez\u0151 polg\u00e1r\u0151r egyes\u00fcletek alkotnak \u00e9s az Orsz\u00e1gos Polg\u00e1r\u0151r Sz\u00f6vets\u00e9g tagja.\",\"breadcrumb\":{\"@id\":\"https:\/\/bazpolgaror.hu\/#breadcrumb\"},\"inLanguage\":\"hu\",\"potentialAction\":[{\"@type\":\"ReadAction\",\"target\":[\"https:\/\/bazpolgaror.hu\/\"]}]},{\"@type\":\"BreadcrumbList\",\"@id\":\"https:\/\/bazpolgaror.hu\/#breadcrumb\",\"itemListElement\":[{\"@type\":\"ListItem\",\"position\":1,\"name\":\"Kezd\u0151lap\",\"item\":\"https:\/\/bazpolgaror.hu\/\"},{\"@type\":\"ListItem\",\"position\":2,\"name\":\"Polg\u00e1r\u0151r Sz\u00f6vets\u00e9g\"}]},{\"@type\":\"WebSite\",\"@id\":\"https:\/\/bazpolgaror.hu\/#website\",\"url\":\"https:\/\/bazpolgaror.hu\/\",\"name\":\"\",\"description\":\"\",\"potentialAction\":[{\"@type\":\"SearchAction\",\"target\":{\"@type\":\"EntryPoint\",\"urlTemplate\":\"https:\/\/bazpolgaror.hu\/?s={search_term_string}\"},\"query-input\":{\"@type\":\"PropertyValueSpecification\",\"valueRequired\":true,\"valueName\":\"search_term_string\"}}],\"inLanguage\":\"hu\"}]}<\/script>\n<!-- \/ Yoast SEO plugin. -->","yoast_head_json":{"title":"Polg\u00e1r\u0151r Sz\u00f6vets\u00e9g -","description":"A Borsod-Aba\u00faj-Zempl\u00e9n V\u00e1rmegyei Polg\u00e1r\u0151r Sz\u00f6vets\u00e9g \u2013 mint minden ter\u00fcleti polg\u00e1r\u0151r sz\u00f6vets\u00e9g \u2013 a polg\u00e1r\u0151r egyes\u00fcletek olyan sz\u00f6vets\u00e9ge, amelyet azonos v\u00e1rmegy\u00e9ben sz\u00e9khellyel rendelkez\u0151 polg\u00e1r\u0151r egyes\u00fcletek alkotnak \u00e9s az Orsz\u00e1gos Polg\u00e1r\u0151r Sz\u00f6vets\u00e9g tagja.","robots":{"index":"index","follow":"follow","max-snippet":"max-snippet:-1","max-image-preview":"max-image-preview:large","max-video-preview":"max-video-preview:-1"},"canonical":"https:\/\/bazpolgaror.hu\/","og_locale":"hu_HU","og_type":"article","og_title":"Polg\u00e1r\u0151r Sz\u00f6vets\u00e9g -","og_description":"A Borsod-Aba\u00faj-Zempl\u00e9n V\u00e1rmegyei Polg\u00e1r\u0151r Sz\u00f6vets\u00e9g \u2013 mint minden ter\u00fcleti polg\u00e1r\u0151r sz\u00f6vets\u00e9g \u2013 a polg\u00e1r\u0151r egyes\u00fcletek olyan sz\u00f6vets\u00e9ge, amelyet azonos v\u00e1rmegy\u00e9ben sz\u00e9khellyel rendelkez\u0151 polg\u00e1r\u0151r egyes\u00fcletek alkotnak \u00e9s az Orsz\u00e1gos Polg\u00e1r\u0151r Sz\u00f6vets\u00e9g tagja.","og_url":"https:\/\/bazpolgaror.hu\/","article_modified_time":"2025-03-26T11:21:19+00:00","twitter_card":"summary_large_image","twitter_misc":{"Becs\u00fclt olvas\u00e1si id\u0151":"2 perc"},"schema":{"@context":"https:\/\/schema.org","@graph":[{"@type":"WebPage","@id":"https:\/\/bazpolgaror.hu\/","url":"https:\/\/bazpolgaror.hu\/","name":"Polg\u00e1r\u0151r Sz\u00f6vets\u00e9g -","isPartOf":{"@id":"https:\/\/bazpolgaror.hu\/#website"},"datePublished":"2025-03-25T20:13:29+00:00","dateModified":"2025-03-26T11:21:19+00:00","description":"A Borsod-Aba\u00faj-Zempl\u00e9n V\u00e1rmegyei Polg\u00e1r\u0151r Sz\u00f6vets\u00e9g \u2013 mint minden ter\u00fcleti polg\u00e1r\u0151r sz\u00f6vets\u00e9g \u2013 a polg\u00e1r\u0151r egyes\u00fcletek olyan sz\u00f6vets\u00e9ge, amelyet azonos v\u00e1rmegy\u00e9ben sz\u00e9khellyel rendelkez\u0151 polg\u00e1r\u0151r egyes\u00fcletek alkotnak \u00e9s az Orsz\u00e1gos Polg\u00e1r\u0151r Sz\u00f6vets\u00e9g tagja.","breadcrumb":{"@id":"https:\/\/bazpolgaror.hu\/#breadcrumb"},"inLanguage":"hu","potentialAction":[{"@type":"ReadAction","target":["https:\/\/bazpolgaror.hu\/"]}]},{"@type":"BreadcrumbList","@id":"https:\/\/bazpolgaror.hu\/#breadcrumb","itemListElement":[{"@type":"ListItem","position":1,"name":"Kezd\u0151lap","item":"https:\/\/bazpolgaror.hu\/"},{"@type":"ListItem","position":2,"name":"Polg\u00e1r\u0151r Sz\u00f6vets\u00e9g"}]},{"@type":"WebSite","@id":"https:\/\/bazpolgaror.hu\/#website","url":"https:\/\/bazpolgaror.hu\/","name":"","description":"","potentialAction":[{"@type":"SearchAction","target":{"@type":"EntryPoint","urlTemplate":"https:\/\/bazpolgaror.hu\/?s={search_term_string}"},"query-input":{"@type":"PropertyValueSpecification","valueRequired":true,"valueName":"search_term_string"}}],"inLanguage":"hu"}]}},"_links":{"self":[{"href":"https:\/\/bazpolgaror.hu\/index.php?rest_route=\/wp\/v2\/pages\/21","targetHints":{"allow":["GET"]}}],"collection":[{"href":"https:\/\/bazpolgaror.hu\/index.php?rest_route=\/wp\/v2\/pages"}],"about":[{"href":"https:\/\/bazpolgaror.hu\/index.php?rest_route=\/wp\/v2\/types\/page"}],"author":[{"embeddable":true,"href":"https:\/\/bazpolgaror.hu\/index.php?rest_route=\/wp\/v2\/users\/1"}],"replies":[{"embeddable":true,"href":"https:\/\/bazpolgaror.hu\/index.php?rest_route=%2Fwp%2Fv2%2Fcomments&post=21"}],"version-history":[{"count":3,"href":"https:\/\/bazpolgaror.hu\/index.php?rest_route=\/wp\/v2\/pages\/21\/revisions"}],"predecessor-version":[{"id":58,"href":"https:\/\/bazpolgaror.hu\/index.php?rest_route=\/wp\/v2\/pages\/21\/revisions\/58"}],"wp:attachment":[{"href":"https:\/\/bazpolgaror.hu\/index.php?rest_route=%2Fwp%2Fv2%2Fmedia&parent=21"}],"curies":[{"name":"wp","href":"https:\/\/api.w.org\/{rel}","templated":true}]}}